{"id":18084,"date":"2025-10-21T12:31:40","date_gmt":"2025-10-21T12:31:40","guid":{"rendered":"https:\/\/cagrisade.com\/?page_id=18084"},"modified":"2026-01-20T09:28:03","modified_gmt":"2026-01-20T09:28:03","slug":"our-medical-team","status":"publish","type":"page","link":"https:\/\/cagrisade.com\/ru\/our-medical-team\/","title":{"rendered":"\u041d\u0430\u0448\u0430 \u043c\u0435\u0434\u0438\u0446\u0438\u043d\u0441\u043a\u0430\u044f \u043a\u043e\u043c\u0430\u043d\u0434\u0430"},"content":{"rendered":"<div data-elementor-type=\"wp-page\" data-elementor-id=\"18084\" class=\"elementor elementor-18084\">\n\t\t\t\t\t\t<section class=\"elementor-section elementor-top-section elementor-element elementor-element-454b6a3 elementor-section-boxed elementor-section-height-default elementor-section-height-default sc_fly_static\" data-id=\"454b6a3\" data-element_type=\"section\" data-e-type=\"section\">\n\t\t\t\t\t\t<div class=\"elementor-container elementor-column-gap-extended\">\n\t\t\t\t\t<div class=\"elementor-column elementor-col-100 elementor-top-column elementor-element elementor-element-782fc09 sc_content_align_inherit sc_layouts_column_icons_position_left sc_fly_static\" data-id=\"782fc09\" data-element_type=\"column\" data-e-type=\"column\">\n\t\t\t<div class=\"elementor-widget-wrap elementor-element-populated\">\n\t\t\t\t\t\t<div class=\"elementor-element elementor-element-273bfc7 sc_height_huge sc_fly_static elementor-widget elementor-widget-spacer\" data-id=\"273bfc7\" data-element_type=\"widget\" data-e-type=\"widget\" data-widget_type=\"spacer.default\">\n\t\t\t\t<div class=\"elementor-widget-container\">\n\t\t\t\t\t\t\t<div class=\"elementor-spacer\">\n\t\t\t<div class=\"elementor-spacer-inner\"><\/div>\n\t\t<\/div>\n\t\t\t\t\t\t<\/div>\n\t\t\t\t<\/div>\n\t\t\t\t<div class=\"elementor-element elementor-element-83e5ac0 sc_fly_static elementor-widget elementor-widget-trx_sc_team\" data-id=\"83e5ac0\" data-element_type=\"widget\" data-e-type=\"widget\" id=\"team-1\" data-widget_type=\"trx_sc_team.default\">\n\t\t\t\t<div class=\"elementor-widget-container\">\n\t\t\t\t\t<div  id=\"team-1_sc\"\t\tclass=\"sc_team sc_team_3d-simple\"><div class=\"sc_team_columns_wrap sc_item_columns sc_item_posts_container trx_addons_columns_wrap columns_padding_bottom columns_in_single_row\"><div class=\"trx_addons_column-1_3 trx_addons_column-1_3-mobile\"><div data-post-id=\"1164\" class=\"sc_team_item sc_item_container post_container start-inner-3d no_links post-1164 cpt_team type-cpt_team status-publish has-post-thumbnail hentry\">\r\n\t<div class=\"post_featured sc_team_item_thumb trx_addons_hover trx_addons_hover_style_info_anim\"><img fetchpriority=\"high\" decoding=\"async\" width=\"570\" height=\"696\" src=\"https:\/\/cagrisade.com\/wp-content\/uploads\/2025\/10\/WhatsApp-Image-2025-10-30-at-15.06.07-570x696.jpeg\" class=\"attachment-plastica-thumb-rectangle size-plastica-thumb-rectangle wp-post-image\" alt=\"\" \/><div class=\"trx_addons_hover_mask\"><\/div><\/div>\t<div class=\"sc_team_item_info\">\r\n\t\t<div class=\"sc_team_item_header\">\r\n\t\t\t<h4 class=\"sc_team_item_title entry-title\">Op. Dr. \u00c7a\u011fr\u0131 Sade<\/h4>\r\n\t\t\t<div class=\"sc_team_item_subtitle\">\u041f\u043b\u0430\u0441\u0442\u0438\u0447\u0435\u0441\u043a\u0438\u0439 \u0445\u0438\u0440\u0443\u0440\u0433<\/div>\t\t<\/div>\r\n\t\t\t<\/div>\r\n\r\n<\/div>\r\n<\/div><\/div><\/div>\t\t\t\t<\/div>\n\t\t\t\t<\/div>\n\t\t\t\t<div class=\"elementor-element elementor-element-2d1e4b1 sc_height_huge sc_fly_static elementor-widget elementor-widget-spacer\" data-id=\"2d1e4b1\" data-element_type=\"widget\" data-e-type=\"widget\" data-widget_type=\"spacer.default\">\n\t\t\t\t<div class=\"elementor-widget-container\">\n\t\t\t\t\t\t\t<div class=\"elementor-spacer\">\n\t\t\t<div class=\"elementor-spacer-inner\"><\/div>\n\t\t<\/div>\n\t\t\t\t\t\t<\/div>\n\t\t\t\t<\/div>\n\t\t\t\t\t<\/div>\n\t\t<\/div>\n\t\t\t\t\t<\/div>\n\t\t<\/section>\n\t\t\t\t<section class=\"elementor-section elementor-top-section elementor-element elementor-element-9ebe991 elementor-section-boxed elementor-section-height-default elementor-section-height-default sc_fly_static\" data-id=\"9ebe991\" data-element_type=\"section\" data-e-type=\"section\">\n\t\t\t\t\t\t<div class=\"elementor-container elementor-column-gap-extended\">\n\t\t\t\t\t<div class=\"elementor-column elementor-col-100 elementor-top-column elementor-element elementor-element-ee19530 sc_content_align_inherit sc_layouts_column_icons_position_left sc_fly_static\" data-id=\"ee19530\" data-element_type=\"column\" data-e-type=\"column\">\n\t\t\t<div class=\"elementor-widget-wrap elementor-element-populated\">\n\t\t\t\t\t\t<div class=\"elementor-element elementor-element-454e3e6 sc_height_huge sc_fly_static elementor-widget elementor-widget-spacer\" data-id=\"454e3e6\" data-element_type=\"widget\" data-e-type=\"widget\" data-widget_type=\"spacer.default\">\n\t\t\t\t<div class=\"elementor-widget-container\">\n\t\t\t\t\t\t\t<div class=\"elementor-spacer\">\n\t\t\t<div class=\"elementor-spacer-inner\"><\/div>\n\t\t<\/div>\n\t\t\t\t\t\t<\/div>\n\t\t\t\t<\/div>\n\t\t\t\t<div class=\"elementor-element elementor-element-0a64c14 sc_fly_static elementor-widget elementor-widget-trx_sc_team\" data-id=\"0a64c14\" data-element_type=\"widget\" data-e-type=\"widget\" id=\"team-2\" data-widget_type=\"trx_sc_team.default\">\n\t\t\t\t<div class=\"elementor-widget-container\">\n\t\t\t\t\t<div  id=\"team-2_sc\"\t\tclass=\"sc_team sc_team_3d-simple\"><div class=\"sc_team_columns_wrap sc_item_columns sc_item_posts_container trx_addons_columns_wrap columns_padding_bottom columns_in_single_row\"><div class=\"trx_addons_column-1_3 trx_addons_column-1_3-mobile\"><div data-post-id=\"1163\" class=\"sc_team_item sc_item_container post_container start-inner-3d no_links post-1163 cpt_team type-cpt_team status-publish has-post-thumbnail hentry\">\r\n\t<div class=\"post_featured sc_team_item_thumb trx_addons_hover trx_addons_hover_style_info_anim\"><img decoding=\"async\" width=\"570\" height=\"696\" src=\"https:\/\/cagrisade.com\/wp-content\/uploads\/2023\/08\/WhatsApp-Image-2025-10-31-at-16.46.52-570x696.webp\" class=\"attachment-plastica-thumb-rectangle size-plastica-thumb-rectangle wp-post-image\" alt=\"\" \/><div class=\"trx_addons_hover_mask\"><\/div><\/div>\t<div class=\"sc_team_item_info\">\r\n\t\t<div class=\"sc_team_item_header\">\r\n\t\t\t<h4 class=\"sc_team_item_title entry-title\">Solmaz MAYDA<\/h4>\r\n\t\t\t<div class=\"sc_team_item_subtitle\">\u0421\u0442\u0430\u0440\u0448\u0430\u044f \u043e\u043f\u0435\u0440\u0430\u0446\u0438\u043e\u043d\u043d\u0430\u044f \u043c\u0435\u0434\u0441\u0435\u0441\u0442\u0440\u0430<\/div>\t\t<\/div>\r\n\t\t\t<\/div>\r\n\r\n<\/div>\r\n<\/div><div class=\"trx_addons_column-1_3 trx_addons_column-1_3-mobile\"><div data-post-id=\"1162\" class=\"sc_team_item sc_item_container post_container start-inner-3d no_links post-1162 cpt_team type-cpt_team status-publish has-post-thumbnail hentry\">\r\n\t<div class=\"post_featured sc_team_item_thumb trx_addons_hover trx_addons_hover_style_info_anim\"><img decoding=\"async\" width=\"570\" height=\"696\" src=\"https:\/\/cagrisade.com\/wp-content\/uploads\/2023\/08\/WhatsApp-Image-2025-10-31-at-16.46.53-570x696.webp\" class=\"attachment-plastica-thumb-rectangle size-plastica-thumb-rectangle wp-post-image\" alt=\"\" \/><div class=\"trx_addons_hover_mask\"><\/div><\/div>\t<div class=\"sc_team_item_info\">\r\n\t\t<div class=\"sc_team_item_header\">\r\n\t\t\t<h4 class=\"sc_team_item_title entry-title\">Ece KILI\u00c7<\/h4>\r\n\t\t\t<div class=\"sc_team_item_subtitle\">\u041e\u043f\u0435\u0440\u0430\u0446\u0438\u043e\u043d\u043d\u0430\u044f \u043c\u0435\u0434\u0441\u0435\u0441\u0442\u0440\u0430<\/div>\t\t<\/div>\r\n\t\t\t<\/div>\r\n\r\n<\/div>\r\n<\/div><\/div><\/div>\t\t\t\t<\/div>\n\t\t\t\t<\/div>\n\t\t\t\t<div class=\"elementor-element elementor-element-0fd29a8 sc_height_huge sc_fly_static elementor-widget elementor-widget-spacer\" data-id=\"0fd29a8\" data-element_type=\"widget\" data-e-type=\"widget\" data-widget_type=\"spacer.default\">\n\t\t\t\t<div class=\"elementor-widget-container\">\n\t\t\t\t\t\t\t<div class=\"elementor-spacer\">\n\t\t\t<div class=\"elementor-spacer-inner\"><\/div>\n\t\t<\/div>\n\t\t\t\t\t\t<\/div>\n\t\t\t\t<\/div>\n\t\t\t\t\t<\/div>\n\t\t<\/div>\n\t\t\t\t\t<\/div>\n\t\t<\/section>\n\t\t\t\t<section class=\"elementor-section elementor-top-section elementor-element elementor-element-0c3bb38 elementor-section-boxed elementor-section-height-default elementor-section-height-default sc_fly_static\" data-id=\"0c3bb38\" data-element_type=\"section\" data-e-type=\"section\">\n\t\t\t\t\t\t<div class=\"elementor-container elementor-column-gap-extended\">\n\t\t\t\t\t<div class=\"elementor-column elementor-col-100 elementor-top-column elementor-element elementor-element-c076796 sc_content_align_inherit sc_layouts_column_icons_position_left sc_fly_static\" data-id=\"c076796\" data-element_type=\"column\" data-e-type=\"column\">\n\t\t\t<div class=\"elementor-widget-wrap elementor-element-populated\">\n\t\t\t\t\t\t<div class=\"elementor-element elementor-element-c6b5121 sc_height_huge sc_fly_static elementor-widget elementor-widget-spacer\" data-id=\"c6b5121\" data-element_type=\"widget\" data-e-type=\"widget\" data-widget_type=\"spacer.default\">\n\t\t\t\t<div class=\"elementor-widget-container\">\n\t\t\t\t\t\t\t<div class=\"elementor-spacer\">\n\t\t\t<div class=\"elementor-spacer-inner\"><\/div>\n\t\t<\/div>\n\t\t\t\t\t\t<\/div>\n\t\t\t\t<\/div>\n\t\t\t\t<div class=\"elementor-element elementor-element-efbfc7d sc_fly_static elementor-widget elementor-widget-trx_sc_team\" data-id=\"efbfc7d\" data-element_type=\"widget\" data-e-type=\"widget\" data-widget_type=\"trx_sc_team.default\">\n\t\t\t\t<div class=\"elementor-widget-container\">\n\t\t\t\t\t<div \t\tclass=\"sc_team sc_team_3d-simple\"><div class=\"sc_team_columns_wrap sc_item_columns sc_item_posts_container trx_addons_columns_wrap columns_padding_bottom columns_in_single_row\"><div class=\"trx_addons_column-1_3 trx_addons_column-1_3-mobile\"><div data-post-id=\"1159\" class=\"sc_team_item sc_item_container post_container start-inner-3d no_links post-1159 cpt_team type-cpt_team status-publish has-post-thumbnail hentry\">\r\n\t<div class=\"post_featured sc_team_item_thumb trx_addons_hover trx_addons_hover_style_info_anim\"><img loading=\"lazy\" decoding=\"async\" width=\"570\" height=\"696\" src=\"https:\/\/cagrisade.com\/wp-content\/uploads\/2023\/08\/WhatsApp-Image-2025-10-31-at-21.01.57-e1761936596688-570x696.webp\" class=\"attachment-plastica-thumb-rectangle size-plastica-thumb-rectangle wp-post-image\" alt=\"\" \/><div class=\"trx_addons_hover_mask\"><\/div><\/div>\t<div class=\"sc_team_item_info\">\r\n\t\t<div class=\"sc_team_item_header\">\r\n\t\t\t<h4 class=\"sc_team_item_title entry-title\">Tugba \u00d6ZENT\u00dcRK<\/h4>\r\n\t\t\t<div class=\"sc_team_item_subtitle\">\u041b\u0438\u0446\u0435\u043d\u0437\u0438\u0440\u043e\u0432\u0430\u043d\u043d\u044b\u0439 \u043a\u043e\u0441\u043c\u0435\u0442\u043e\u043b\u043e\u0433<\/div>\t\t<\/div>\r\n\t\t\t<\/div>\r\n\r\n<\/div>\r\n<\/div><div class=\"trx_addons_column-1_3 trx_addons_column-1_3-mobile\"><div data-post-id=\"1158\" class=\"sc_team_item sc_item_container post_container start-inner-3d no_links post-1158 cpt_team type-cpt_team status-publish has-post-thumbnail hentry\">\r\n\t<div class=\"post_featured sc_team_item_thumb trx_addons_hover trx_addons_hover_style_info_anim\"><img loading=\"lazy\" decoding=\"async\" width=\"570\" height=\"696\" src=\"https:\/\/cagrisade.com\/wp-content\/uploads\/2023\/08\/WhatsApp-Image-2025-10-31-at-21.03.15-e1761936659899-570x696.webp\" class=\"attachment-plastica-thumb-rectangle size-plastica-thumb-rectangle wp-post-image\" alt=\"\" \/><div class=\"trx_addons_hover_mask\"><\/div><\/div>\t<div class=\"sc_team_item_info\">\r\n\t\t<div class=\"sc_team_item_header\">\r\n\t\t\t<h4 class=\"sc_team_item_title entry-title\">Elif \u00d6ZO\u011eUL<\/h4>\r\n\t\t\t<div class=\"sc_team_item_subtitle\">\u041a\u043b\u0438\u043d\u0438\u0447\u0435\u0441\u043a\u0430\u044f \u043c\u0435\u0434\u0441\u0435\u0441\u0442\u0440\u0430<\/div>\t\t<\/div>\r\n\t\t\t<\/div>\r\n\r\n<\/div>\r\n<\/div><\/div><\/div>\t\t\t\t<\/div>\n\t\t\t\t<\/div>\n\t\t\t\t<div class=\"elementor-element elementor-element-5503f6f sc_height_huge sc_fly_static elementor-widget elementor-widget-spacer\" data-id=\"5503f6f\" data-element_type=\"widget\" data-e-type=\"widget\" data-widget_type=\"spacer.default\">\n\t\t\t\t<div class=\"elementor-widget-container\">\n\t\t\t\t\t\t\t<div class=\"elementor-spacer\">\n\t\t\t<div class=\"elementor-spacer-inner\"><\/div>\n\t\t<\/div>\n\t\t\t\t\t\t<\/div>\n\t\t\t\t<\/div>\n\t\t\t\t\t<\/div>\n\t\t<\/div>\n\t\t\t\t\t<\/div>\n\t\t<\/section>\n\t\t\t\t<section class=\"elementor-section elementor-top-section elementor-element elementor-element-3c36416 elementor-section-boxed elementor-section-height-default elementor-section-height-default sc_fly_static\" data-id=\"3c36416\" data-element_type=\"section\" data-e-type=\"section\">\n\t\t\t\t\t\t<div class=\"elementor-container elementor-column-gap-extended\">\n\t\t\t\t\t<div class=\"elementor-column elementor-col-100 elementor-top-column elementor-element elementor-element-befd983 sc_content_align_inherit sc_layouts_column_icons_position_left sc_fly_static\" data-id=\"befd983\" data-element_type=\"column\" data-e-type=\"column\">\n\t\t\t<div class=\"elementor-widget-wrap elementor-element-populated\">\n\t\t\t\t\t\t<div class=\"elementor-element elementor-element-6a62d1d sc_height_huge sc_fly_static elementor-widget elementor-widget-spacer\" data-id=\"6a62d1d\" data-element_type=\"widget\" data-e-type=\"widget\" data-widget_type=\"spacer.default\">\n\t\t\t\t<div class=\"elementor-widget-container\">\n\t\t\t\t\t\t\t<div class=\"elementor-spacer\">\n\t\t\t<div class=\"elementor-spacer-inner\"><\/div>\n\t\t<\/div>\n\t\t\t\t\t\t<\/div>\n\t\t\t\t<\/div>\n\t\t\t\t<div class=\"elementor-element elementor-element-5856971 sc_fly_static elementor-widget elementor-widget-trx_sc_team\" data-id=\"5856971\" data-element_type=\"widget\" data-e-type=\"widget\" id=\"team-3\" data-widget_type=\"trx_sc_team.default\">\n\t\t\t\t<div class=\"elementor-widget-container\">\n\t\t\t\t\t<div  id=\"team-3_sc\"\t\tclass=\"sc_team sc_team_3d-simple\"><div class=\"sc_team_columns_wrap sc_item_columns sc_item_posts_container trx_addons_columns_wrap columns_padding_bottom columns_in_single_row\"><div class=\"trx_addons_column-1_3 trx_addons_column-1_3-mobile\"><div data-post-id=\"1152\" class=\"sc_team_item sc_item_container post_container start-inner-3d no_links post-1152 cpt_team type-cpt_team status-publish has-post-thumbnail hentry\">\r\n\t<div class=\"post_featured sc_team_item_thumb trx_addons_hover trx_addons_hover_style_info_anim\"><img loading=\"lazy\" decoding=\"async\" width=\"570\" height=\"696\" src=\"https:\/\/cagrisade.com\/wp-content\/uploads\/2023\/08\/WhatsApp-Image-2025-10-31-at-16.46.53-1-570x696.jpeg\" class=\"attachment-plastica-thumb-rectangle size-plastica-thumb-rectangle wp-post-image\" alt=\"\" \/><div class=\"trx_addons_hover_mask\"><\/div><\/div>\t<div class=\"sc_team_item_info\">\r\n\t\t<div class=\"sc_team_item_header\">\r\n\t\t\t<h4 class=\"sc_team_item_title entry-title\">Kerem MENZ\u0130L<\/h4>\r\n\t\t\t<div class=\"sc_team_item_subtitle\">\u0421\u0442\u0430\u0440\u0448\u0438\u0439 \u043a\u043e\u043e\u0440\u0434\u0438\u043d\u0430\u0442\u043e\u0440 \u043a\u043b\u0438\u043d\u0438\u043a\u0438<\/div>\t\t<\/div>\r\n\t\t\t<\/div>\r\n\r\n<\/div>\r\n<\/div><div class=\"trx_addons_column-1_3 trx_addons_column-1_3-mobile\"><div data-post-id=\"44549\" class=\"sc_team_item sc_item_container post_container start-inner-3d no_links post-44549 cpt_team type-cpt_team status-publish has-post-thumbnail hentry\">\r\n\t<div class=\"post_featured sc_team_item_thumb trx_addons_hover trx_addons_hover_style_info_anim\"><img loading=\"lazy\" decoding=\"async\" width=\"570\" height=\"696\" src=\"https:\/\/cagrisade.com\/wp-content\/uploads\/2023\/08\/WhatsApp-Image-2025-10-31-at-16.46.52-1-570x696.jpeg\" class=\"attachment-plastica-thumb-rectangle size-plastica-thumb-rectangle wp-post-image\" alt=\"\" \/><div class=\"trx_addons_hover_mask\"><\/div><\/div>\t<div class=\"sc_team_item_info\">\r\n\t\t<div class=\"sc_team_item_header\">\r\n\t\t\t<h4 class=\"sc_team_item_title entry-title\">Cenk \u00c7EL\u0130KBA\u015eO\u011eLU<\/h4>\r\n\t\t\t<div class=\"sc_team_item_subtitle\">\u0414\u0438\u0440\u0435\u043a\u0442\u043e\u0440 \u043f\u043e \u0440\u0430\u0431\u043e\u0442\u0435 \u0441 \u0438\u043d\u043e\u0441\u0442\u0440\u0430\u043d\u043d\u044b\u043c\u0438 \u043f\u0430\u0446\u0438\u0435\u043d\u0442\u0430\u043c\u0438<\/div>\t\t<\/div>\r\n\t\t\t<\/div>\r\n\r\n<\/div>\r\n<\/div><\/div><\/div>\t\t\t\t<\/div>\n\t\t\t\t<\/div>\n\t\t\t\t<div class=\"elementor-element elementor-element-8e23817 sc_height_huge sc_fly_static elementor-widget elementor-widget-spacer\" data-id=\"8e23817\" data-element_type=\"widget\" data-e-type=\"widget\" data-widget_type=\"spacer.default\">\n\t\t\t\t<div class=\"elementor-widget-container\">\n\t\t\t\t\t\t\t<div class=\"elementor-spacer\">\n\t\t\t<div class=\"elementor-spacer-inner\"><\/div>\n\t\t<\/div>\n\t\t\t\t\t\t<\/div>\n\t\t\t\t<\/div>\n\t\t\t\t\t<\/div>\n\t\t<\/div>\n\t\t\t\t\t<\/div>\n\t\t<\/section>\n\t\t\t\t<section class=\"elementor-section elementor-top-section elementor-element elementor-element-08df3ca elementor-section-boxed elementor-section-height-default elementor-section-height-default sc_fly_static\" data-id=\"08df3ca\" data-element_type=\"section\" data-e-type=\"section\">\n\t\t\t\t\t\t<div class=\"elementor-container elementor-column-gap-extended\">\n\t\t\t\t\t<div class=\"elementor-column elementor-col-100 elementor-top-column elementor-element elementor-element-44039db sc_content_align_inherit sc_layouts_column_icons_position_left sc_fly_static\" data-id=\"44039db\" data-element_type=\"column\" data-e-type=\"column\">\n\t\t\t<div class=\"elementor-widget-wrap elementor-element-populated\">\n\t\t\t\t\t\t<div class=\"elementor-element elementor-element-3a2e69b sc_fly_static elementor-widget elementor-widget-image\" data-id=\"3a2e69b\" data-element_type=\"widget\" data-e-type=\"widget\" data-widget_type=\"image.default\">\n\t\t\t\t<div class=\"elementor-widget-container\">\n\t\t\t\t\t\t\t\t\t\t\t\t<figure class=\"wp-caption\">\n\t\t\t\t\t\t\t\t\t\t<img decoding=\"async\" src=\"https:\/\/cagrisade.com\/wp-content\/uploads\/elementor\/thumbs\/WhatsApp-Image-2026-01-20-at-12.23.26-rhxegmnxgdy6byxnzds3u73cg1ne65syjsxg3zolnk.jpeg\" title=\"WhatsApp Image 2026-01-20 at 12.23.26\" alt=\"WhatsApp Image 2026-01-20 at 12.23.26\" loading=\"lazy\" \/>\t\t\t\t\t\t\t\t\t\t\t<figcaption class=\"widget-image-caption wp-caption-text\">Jahan Kaushutova - \u041c\u0435\u0434\u0438\u0446\u0438\u043d\u0441\u043a\u0438\u0439 \u043a\u043e\u043d\u0441\u0443\u043b\u044c\u0442\u0430\u043d\u0442<\/figcaption>\n\t\t\t\t\t\t\t\t\t\t<\/figure>\n\t\t\t\t\t\t\t\t\t<\/div>\n\t\t\t\t<\/div>\n\t\t\t\t\t<\/div>\n\t\t<\/div>\n\t\t\t\t\t<\/div>\n\t\t<\/section>\n\t\t\t\t<\/div>","protected":false},"excerpt":{"rendered":"<p>Op. Dr. \u00c7a\u011fr\u0131 Sade Plastic Surgeon Solmaz MAYDA Lead Surgical Nurse Ece KILI\u00c7 Surgical Nurse Tugba \u00d6ZENT\u00dcRK Licensed Aesthetician Elif \u00d6ZO\u011eUL Clinical Nurse Kerem MENZ\u0130L Senior Clinic Coordinator Cenk \u00c7EL\u0130KBA\u015eO\u011eLU&hellip;<\/p>","protected":false},"author":1,"featured_media":0,"parent":0,"menu_order":0,"comment_status":"closed","ping_status":"closed","template":"","meta":{"footnotes":""},"class_list":["post-18084","page","type-page","status-publish","hentry"],"_links":{"self":[{"href":"https:\/\/cagrisade.com\/ru\/wp-json\/wp\/v2\/pages\/18084","targetHints":{"allow":["GET"]}}],"collection":[{"href":"https:\/\/cagrisade.com\/ru\/wp-json\/wp\/v2\/pages"}],"about":[{"href":"https:\/\/cagrisade.com\/ru\/wp-json\/wp\/v2\/types\/page"}],"author":[{"embeddable":true,"href":"https:\/\/cagrisade.com\/ru\/wp-json\/wp\/v2\/users\/1"}],"replies":[{"embeddable":true,"href":"https:\/\/cagrisade.com\/ru\/wp-json\/wp\/v2\/comments?post=18084"}],"version-history":[{"count":20,"href":"https:\/\/cagrisade.com\/ru\/wp-json\/wp\/v2\/pages\/18084\/revisions"}],"predecessor-version":[{"id":46874,"href":"https:\/\/cagrisade.com\/ru\/wp-json\/wp\/v2\/pages\/18084\/revisions\/46874"}],"wp:attachment":[{"href":"https:\/\/cagrisade.com\/ru\/wp-json\/wp\/v2\/media?parent=18084"}],"curies":[{"name":"wp","href":"https:\/\/api.w.org\/{rel}","templated":true}]}}